{"id":372,"date":"2020-02-11T13:58:20","date_gmt":"2020-02-11T12:58:20","guid":{"rendered":"http:\/\/www.cuirdepirate.fr\/?page_id=372"},"modified":"2020-05-21T11:04:48","modified_gmt":"2020-05-21T09:04:48","slug":"contact","status":"publish","type":"page","link":"https:\/\/www.cuirdepirate.fr\/index.php\/contact\/","title":{"rendered":"Contact"},"content":{"rendered":"\n<p>Si vous d\u00e9sirez me contacter, je vous r\u00e9pondrai avec plaisir via le formulaire ci-dessous : <\/p>\n\n\n\n<p><\/p>\n\n\n<div class=\"wp-block-jetpack-contact-form is-layout-flex wp-container-jetpack-contact-form-is-layout-faa3ad1c wp-block-jetpack-contact-form-is-layout-flex\"><a href=\"https:\/\/www.cuirdepirate.fr\/index.php\/contact\/\" target=\"_blank\" rel=\"noopener noreferrer\">Soumettre un formulaire.<\/a><\/div>\n\n\n<p><\/p>\n\n\n\n<p>A bient\u00f4t !<\/p>\n","protected":false},"excerpt":{"rendered":"<p>Si vous d\u00e9sirez me contacter, je vous r\u00e9pondrai avec plaisir via le formulaire ci-dessous : A bient\u00f4t !<\/p>\n","protected":false},"author":1,"featured_media":0,"parent":0,"menu_order":0,"comment_status":"closed","ping_status":"closed","template":"","meta":{"footnotes":""},"class_list":["post-372","page","type-page","status-publish","hentry"],"jetpack_sharing_enabled":true,"_links":{"self":[{"href":"https:\/\/www.cuirdepirate.fr\/index.php\/wp-json\/wp\/v2\/pages\/372","targetHints":{"allow":["GET"]}}],"collection":[{"href":"https:\/\/www.cuirdepirate.fr\/index.php\/wp-json\/wp\/v2\/pages"}],"about":[{"href":"https:\/\/www.cuirdepirate.fr\/index.php\/wp-json\/wp\/v2\/types\/page"}],"author":[{"embeddable":true,"href":"https:\/\/www.cuirdepirate.fr\/index.php\/wp-json\/wp\/v2\/users\/1"}],"replies":[{"embeddable":true,"href":"https:\/\/www.cuirdepirate.fr\/index.php\/wp-json\/wp\/v2\/comments?post=372"}],"version-history":[{"count":3,"href":"https:\/\/www.cuirdepirate.fr\/index.php\/wp-json\/wp\/v2\/pages\/372\/revisions"}],"predecessor-version":[{"id":514,"href":"https:\/\/www.cuirdepirate.fr\/index.php\/wp-json\/wp\/v2\/pages\/372\/revisions\/514"}],"wp:attachment":[{"href":"https:\/\/www.cuirdepirate.fr\/index.php\/wp-json\/wp\/v2\/media?parent=372"}],"curies":[{"name":"wp","href":"https:\/\/api.w.org\/{rel}","templated":true}]}}