{"id":154,"date":"2019-10-23T11:59:23","date_gmt":"2019-10-23T09:59:23","guid":{"rendered":"http:\/\/www.cuirdepirate.fr\/?page_id=154"},"modified":"2020-07-07T11:46:13","modified_gmt":"2020-07-07T09:46:13","slug":"qui-suis-je","status":"publish","type":"page","link":"https:\/\/www.cuirdepirate.fr\/index.php\/qui-suis-je\/","title":{"rendered":"Qui suis je ?"},"content":{"rendered":"\n<p> <\/p>\n\n\n\n<p>Exer\u00e7ant autrefois dans le milieu maritime, je me suis perfectionn\u00e9 dans l&rsquo;art du matelotage et le travail du cuir. Autodidacte et passionn\u00e9 par le fait main, je pr\u00e9sente ici des pi\u00e8ces de matelotage et objets d\u2019art r\u00e9alis\u00e9s en cuir.<\/p>\n\n\n\n<p>Le matelotage est l\u2019\u00e9tude des diff\u00e9rents n\u0153uds li\u00e9s \u00e0 la marine, ce sont des n\u0153uds solides et r\u00e9sistants. Mon art consiste \u00e0 cr\u00e9er des objets du quotidien originaux et uniques inspir\u00e9s directement de ces n\u0153uds marins.<\/p>\n\n\n\n<p>Travailler le cuir avec mon savoir faire de l\u2019art des n\u0153uds me permet de proposer des pi\u00e8ces enti\u00e8rement r\u00e9alis\u00e9es \u00e0 la main, aucune machine n\u2019est utilis\u00e9e. La couture effectu\u00e9e utilise principalement le point sellier, point beaucoup plus solide que celui effectu\u00e9 \u00e0 la machine. Ainsi, les coutures sont r\u00e9sistantes et toutes les r\u00e9alisations sont de qualit\u00e9, elles r\u00e9sisteront \u00e0 l\u2019\u00e9preuve du temps.<\/p>\n","protected":false},"excerpt":{"rendered":"<p>Exer\u00e7ant autrefois dans le milieu maritime, je me suis perfectionn\u00e9 dans l&rsquo;art du matelotage et le travail du cuir. Autodidacte et passionn\u00e9 par le fait main, je pr\u00e9sente ici des pi\u00e8ces de matelotage et objets d\u2019art r\u00e9alis\u00e9s en cuir. Le matelotage est l\u2019\u00e9tude des diff\u00e9rents n\u0153uds li\u00e9s \u00e0 la marine, ce sont des n\u0153uds solides [&hellip;]<\/p>\n","protected":false},"author":1,"featured_media":0,"parent":0,"menu_order":0,"comment_status":"closed","ping_status":"closed","template":"","meta":{"footnotes":""},"class_list":["post-154","page","type-page","status-publish","hentry"],"jetpack_sharing_enabled":true,"_links":{"self":[{"href":"https:\/\/www.cuirdepirate.fr\/index.php\/wp-json\/wp\/v2\/pages\/154","targetHints":{"allow":["GET"]}}],"collection":[{"href":"https:\/\/www.cuirdepirate.fr\/index.php\/wp-json\/wp\/v2\/pages"}],"about":[{"href":"https:\/\/www.cuirdepirate.fr\/index.php\/wp-json\/wp\/v2\/types\/page"}],"author":[{"embeddable":true,"href":"https:\/\/www.cuirdepirate.fr\/index.php\/wp-json\/wp\/v2\/users\/1"}],"replies":[{"embeddable":true,"href":"https:\/\/www.cuirdepirate.fr\/index.php\/wp-json\/wp\/v2\/comments?post=154"}],"version-history":[{"count":10,"href":"https:\/\/www.cuirdepirate.fr\/index.php\/wp-json\/wp\/v2\/pages\/154\/revisions"}],"predecessor-version":[{"id":619,"href":"https:\/\/www.cuirdepirate.fr\/index.php\/wp-json\/wp\/v2\/pages\/154\/revisions\/619"}],"wp:attachment":[{"href":"https:\/\/www.cuirdepirate.fr\/index.php\/wp-json\/wp\/v2\/media?parent=154"}],"curies":[{"name":"wp","href":"https:\/\/api.w.org\/{rel}","templated":true}]}}